{"id":9,"date":"2025-09-01T18:00:28","date_gmt":"2025-09-01T18:00:28","guid":{"rendered":"https:\/\/sistemaontologico.com.br\/?page_id=9"},"modified":"2025-09-01T18:00:28","modified_gmt":"2025-09-01T18:00:28","slug":"forum","status":"publish","type":"page","link":"https:\/\/sistemaontologico.com.br\/?page_id=9","title":{"rendered":"Forum"},"content":{"rendered":"<div id=\"af-wrapper\"><div id=\"forum-header\"><div id=\"forum-navigation-mobile\"><a><span class=\"fas fa-bars\"><\/span>Menu<\/a><\/div><span class=\"screen-reader-text\">Navega\u00e7\u00e3o no f\u00f3rum<\/span><div id=\"forum-navigation\"><a class=\"home-link\" href=\"https:\/\/sistemaontologico.com.br\/?page_id=9\" target=\"_self\">F\u00f3rum<\/a><a class=\"members-link\" href=\"https:\/\/sistemaontologico.com.br\/?page_id=9&#038;view=members\" target=\"_self\">Membros<\/a><a class=\"activity-link\" href=\"https:\/\/sistemaontologico.com.br\/?page_id=9&#038;view=activity\" target=\"_self\">Atividade<\/a><a class=\"login-link\" href=\"https:\/\/sistemaontologico.com.br\/wp-login.php?redirect_to=https%3A%2F%2Fsistemaontologico.com.br%2Findex.php%3Frest_route%3D%252Fwp%252Fv2%252Fpages%252F9\" target=\"_self\">Acessar<\/a><a class=\"register-link\" href=\"https:\/\/sistemaontologico.com.br\/wp-login.php?action=register\" target=\"_self\">Cadastrar<\/a><\/div><div id=\"forum-search\"><span class=\"search-icon fas fa-search\"><\/span><form method=\"get\" action=\"https:\/\/sistemaontologico.com.br\/?page_id=9&#038;view=search\"><input name=\"view\" type=\"hidden\" value=\"search\"><input name=\"keywords\" type=\"search\" placeholder=\"Buscar ...\" value=\"\"><\/form><\/div><div class=\"clear\"><\/div><\/div><div id=\"forum-breadcrumbs\" itemscope itemtype=\"http:\/\/schema.org\/BreadcrumbList\"><span class=\"screen-reader-text\">Caminho de navega\u00e7\u00e3o do f\u00f3rum - Voc\u00ea est\u00e1 aqui:<\/span><span class=\"breadcrumb-icon fas fa-home\"><\/span><span itemprop=\"itemListElement\" itemscope itemtype=\"https:\/\/schema.org\/ListItem\"><a itemprop=\"item\" href=\"https:\/\/sistemaontologico.com.br\/?page_id=9\" title=\"F\u00f3rum Sistema Ontol\u00f3gico\"><span itemprop=\"name\">F\u00f3rum Sistema Ontol\u00f3gico<\/span><\/a><meta itemprop=\"position\" content=\"1\"><\/span><span class=\"breadcrumb-icon fas fa-chevron-right separator\"><\/span><\/div><h1 class=\"main-title main-title-\">F\u00f3rum Sistema Ontol\u00f3gico<\/h1><div class=\"title-element\" id=\"forum-category-4\">Categoria exemplo<span class=\"last-post-headline\">\u00daltima postagem:<\/span><\/div><div class=\"content-container\"><div class=\"content-element forum\" id=\"forum-1\"><div class=\"forum-status read\"><i class=\"fas fa-comments\"><\/i><\/div><div class=\"forum-name\"><a class=\"forum-title\" href=\"https:\/\/sistemaontologico.com.br\/?page_id=9&#038;view=forum&#038;id=1\">Primeiro F\u00f3rum<\/a><small class=\"forum-description\">Meu primeiro forum.<\/small><small class=\"forum-stats\">0 T\u00f3pico&nbsp;&middot;&nbsp;  0 Post \n\n <\/small><small class=\"forum-lastpost-small\"><small class=\"no-topics\">Sem t\u00f3picos ainda!<\/small><\/small><\/div><div class=\"forum-poster\"><small class=\"no-topics\">Sem t\u00f3picos ainda!<\/small><\/div><\/div><\/div><div id=\"read-unread\"><span class=\"indicator unread\"><\/span><span class=\"indicator-label\">Novos posts<\/span><span class=\"indicator read\"><\/span><span class=\"indicator-label\">Nada novo<\/span><span class=\"indicator-label\"><span class=\"fas fa-check\"><\/span><a href=\"https:\/\/sistemaontologico.com.br\/?page_id=9&#038;view=markallread&#038;_wpnonce=24c9a65ec5\">Marcar todos como lidos<\/a><\/span><span class=\"indicator-label\"><span class=\"fas fa-history\"><\/span><a href=\"https:\/\/sistemaontologico.com.br\/?page_id=9&#038;view=unread\">Mostrar t\u00f3picos n\u00e3o lidos<\/a><\/span><div class=\"clear\"><\/div><\/div><div id=\"statistics\"><div class=\"title-element title-element-dark\"><span class=\"title-element-icon fas fa-chart-pie\"><\/span>Estat\u00edsticas<\/div><div id=\"statistics-body\"><div id=\"statistics-elements\"><div class=\"statistics-element\"><div class=\"element-number\"><span class=\"statistics-element-icon far fa-comments\"><\/span>0<\/div><div class=\"element-name\">T\u00f3picos<\/div><\/div><div class=\"statistics-element\"><div class=\"element-number\"><span class=\"statistics-element-icon far fa-comment\"><\/span>0<\/div><div class=\"element-name\">Posts<\/div><\/div><div class=\"statistics-element\"><div class=\"element-number\"><span class=\"statistics-element-icon far fa-eye\"><\/span>0<\/div><div class=\"element-name\">Visualiza\u00e7\u00f5es<\/div><\/div><div class=\"statistics-element\"><div class=\"element-number\"><span class=\"statistics-element-icon far fa-user\"><\/span>3<\/div><div class=\"element-name\">Usu\u00e1rios<\/div><\/div><div class=\"statistics-element\"><div class=\"element-number\"><span class=\"statistics-element-icon far fa-lightbulb\"><\/span>0<\/div><div class=\"element-name\">Online<\/div><\/div><\/div><div id=\"statistics-online-users\"><span class=\"online-users-icon fas fa-user\"><\/span>Membro mais recente:&nbsp;<i><a class=\"profile-link highlight-default\" href=\"#\">Mateus Teodolino Santana<\/a><\/i>&nbsp;&middot;&nbsp;<span class=\"online-users-icon fas fa-users\"><\/span><i>No momento ningu\u00e9m est\u00e1 online.<\/i><\/div><\/div><div class=\"clear\"><\/div><\/div><div id=\"bottom-navigation\"><\/div><div class=\"clear\"><\/div><\/div>\n","protected":false},"excerpt":{"rendered":"","protected":false},"author":1,"featured_media":0,"parent":0,"menu_order":0,"comment_status":"closed","ping_status":"closed","template":"","meta":{"pagelayer_contact_templates":[],"_pagelayer_content":"","footnotes":""},"class_list":["post-9","page","type-page","status-publish","hentry"],"_links":{"self":[{"href":"https:\/\/sistemaontologico.com.br\/index.php?rest_route=\/wp\/v2\/pages\/9","targetHints":{"allow":["GET"]}}],"collection":[{"href":"https:\/\/sistemaontologico.com.br\/index.php?rest_route=\/wp\/v2\/pages"}],"about":[{"href":"https:\/\/sistemaontologico.com.br\/index.php?rest_route=\/wp\/v2\/types\/page"}],"author":[{"embeddable":true,"href":"https:\/\/sistemaontologico.com.br\/index.php?rest_route=\/wp\/v2\/users\/1"}],"replies":[{"embeddable":true,"href":"https:\/\/sistemaontologico.com.br\/index.php?rest_route=%2Fwp%2Fv2%2Fcomments&post=9"}],"version-history":[{"count":0,"href":"https:\/\/sistemaontologico.com.br\/index.php?rest_route=\/wp\/v2\/pages\/9\/revisions"}],"wp:attachment":[{"href":"https:\/\/sistemaontologico.com.br\/index.php?rest_route=%2Fwp%2Fv2%2Fmedia&parent=9"}],"curies":[{"name":"wp","href":"https:\/\/api.w.org\/{rel}","templated":true}]}}